{"id":733,"date":"2017-01-16T09:47:48","date_gmt":"2017-01-16T09:47:48","guid":{"rendered":"https:\/\/www.smartfuel.es\/prensa\/"},"modified":"2017-01-16T09:47:48","modified_gmt":"2017-01-16T09:47:48","slug":"prensa","status":"publish","type":"page","link":"https:\/\/www.smartfuel.es\/en\/prensa\/","title":{"rendered":"Prensa"},"content":{"rendered":"<p>[vc_section][vc_row el_class=&#8221;gridcentrada&#8221;][vc_column][vc_column_text el_class=&#8221;gridcentrada fcenter cabecera&#8221; css=&#8221;.vc_custom_1485533195431{padding-top: 3% !important;}&#8221;]<\/p>\n<h1>Sala de prensa<\/h1>\n<p>Si eres periodista, un profesional de la comunicaci\u00f3n o, simplemente, est\u00e1s interesado<br \/>\nen las noticias corporativas de Smartfuel \u00a1este es tu espacio!<\/p>\n<p>Para otras consultas, por favor escribir a <a href=\"mailto:marketing@smartfuel.com\" target=\"_blank\">marketing@smartfuel.com<\/a>[\/vc_column_text][\/vc_column][\/vc_row][\/vc_section][vc_section el_id=&#8221;recent_post_smart&#8221;][vc_row el_class=&#8221;gridcentrada&#8221;][vc_column][vc_wp_posts title=&#8221;&#8221; number=&#8221;4&#8243; show_date=&#8221;1&#8243;][\/vc_column][\/vc_row][\/vc_section][vc_row el_class=&#8221;gridcentrada&#8221; el_id=&#8221;descargas&#8221;][vc_column width=&#8221;1\/2&#8243; el_class=&#8221;descarga_1&#8243;][vc_column_text]<\/p>\n<h1>Dosier de prensa<\/h1>\n<p>[\/vc_column_text][vc_single_image image=&#8221;415&#8243;][\/vc_column][vc_column width=&#8221;1\/2&#8243; el_class=&#8221;descarga_2&#8243;][vc_column_text]<\/p>\n<h1>Logos e im\u00e1genes<\/h1>\n<p>[\/vc_column_text][vc_single_image image=&#8221;417&#8243; onclick=&#8221;custom_link&#8221; img_link_target=&#8221;_blank&#8221; link=&#8221;https:\/\/www.smartfuel.es\/wp-content\/uploads\/2017\/01\/Logotipo-Smartfuel.zip&#8221; el_class=&#8221;imatge_doble&#8221;][vc_column_text][\/vc_column_text][vc_single_image image=&#8221;416&#8243; onclick=&#8221;custom_link&#8221; img_link_target=&#8221;_blank&#8221; link=&#8221;\/smartfuel\/wp-content\/uploads\/2017\/01\/entrevista_smartfuel1-1.jpg&#8221; el_class=&#8221;imatge_doble&#8221;][\/vc_column][\/vc_row][vc_row][vc_column][vc_empty_space][\/vc_column][\/vc_row]<\/p>\n","protected":false},"excerpt":{"rendered":"<p>[vc_section][vc_row el_class=&#8221;gridcentrada&#8221;][vc_column][vc_column_text el_class=&#8221;gridcentrada fcenter cabecera&#8221; css=&#8221;.vc_custom_1485533195431{padding-top: 3% !important;}&#8221;] Sala de prensa Si eres periodista, un profesional de la comunicaci\u00f3n o, &hellip; <\/p>\n<p class=\"link-more\"><a href=\"https:\/\/www.smartfuel.es\/en\/prensa\/\" class=\"more-link\">Continue reading<span class=\"screen-reader-text\"> &#8220;Prensa&#8221;<\/span><\/a><\/p>\n","protected":false},"author":7,"featured_media":0,"parent":0,"menu_order":7,"comment_status":"closed","ping_status":"closed","template":"","meta":{"footnotes":""},"acf":[],"yoast_head":"<!-- This site is optimized with the Yoast SEO plugin v21.9.1 - https:\/\/yoast.com\/wordpress\/plugins\/seo\/ -->\n<title>Prensa - Smartfuel - Reposta m\u00e1s r\u00e1pido y barato<\/title>\n<meta name=\"robots\" content=\"index, follow, max-snippet:-1, max-image-preview:large, max-video-preview:-1\" \/>\n<link rel=\"canonical\" href=\"https:\/\/www.smartfuel.es\/actualidad\/\" \/>\n<meta property=\"og:locale\" content=\"en_US\" \/>\n<meta property=\"og:type\" content=\"article\" \/>\n<meta property=\"og:title\" content=\"Prensa - Smartfuel - Reposta m\u00e1s r\u00e1pido y barato\" \/>\n<meta property=\"og:description\" content=\"[vc_section][vc_row el_class=&#8221;gridcentrada&#8221;][vc_column][vc_column_text el_class=&#8221;gridcentrada fcenter cabecera&#8221; css=&#8221;.vc_custom_1485533195431{padding-top: 3% !important;}&#8221;] Sala de prensa Si eres periodista, un profesional de la comunicaci\u00f3n o, &hellip; Continue reading &quot;Prensa&quot;\" \/>\n<meta property=\"og:url\" content=\"https:\/\/www.smartfuel.es\/actualidad\/\" \/>\n<meta property=\"og:site_name\" content=\"Smartfuel - Reposta m\u00e1s r\u00e1pido y barato\" \/>\n<meta name=\"twitter:card\" content=\"summary_large_image\" \/>\n<meta name=\"twitter:label1\" content=\"Est. reading time\" \/>\n\t<meta name=\"twitter:data1\" content=\"1 minute\" \/>\n<script type=\"application\/ld+json\" class=\"yoast-schema-graph\">{\"@context\":\"https:\/\/schema.org\",\"@graph\":[{\"@type\":\"WebPage\",\"@id\":\"https:\/\/www.smartfuel.es\/actualidad\/\",\"url\":\"https:\/\/www.smartfuel.es\/actualidad\/\",\"name\":\"Prensa - Smartfuel - Reposta m\u00e1s r\u00e1pido y barato\",\"isPartOf\":{\"@id\":\"https:\/\/www.smartfuel.es\/#website\"},\"datePublished\":\"2017-01-16T09:47:48+00:00\",\"dateModified\":\"2017-01-16T09:47:48+00:00\",\"breadcrumb\":{\"@id\":\"https:\/\/www.smartfuel.es\/actualidad\/#breadcrumb\"},\"inLanguage\":\"en-US\",\"potentialAction\":[{\"@type\":\"ReadAction\",\"target\":[\"https:\/\/www.smartfuel.es\/actualidad\/\"]}]},{\"@type\":\"BreadcrumbList\",\"@id\":\"https:\/\/www.smartfuel.es\/actualidad\/#breadcrumb\",\"itemListElement\":[{\"@type\":\"ListItem\",\"position\":1,\"name\":\"Portada\",\"item\":\"https:\/\/www.smartfuel.es\/\"},{\"@type\":\"ListItem\",\"position\":2,\"name\":\"Prensa\"}]},{\"@type\":\"WebSite\",\"@id\":\"https:\/\/www.smartfuel.es\/#website\",\"url\":\"https:\/\/www.smartfuel.es\/\",\"name\":\"Smartfuel - Reposta m\u00e1s r\u00e1pido y barato\",\"description\":\"La aplicaci\u00f3n para pagar el combustible desde tu m\u00f3vil\",\"publisher\":{\"@id\":\"https:\/\/www.smartfuel.es\/#organization\"},\"potentialAction\":[{\"@type\":\"SearchAction\",\"target\":{\"@type\":\"EntryPoint\",\"urlTemplate\":\"https:\/\/www.smartfuel.es\/?s={search_term_string}\"},\"query-input\":\"required name=search_term_string\"}],\"inLanguage\":\"en-US\"},{\"@type\":\"Organization\",\"@id\":\"https:\/\/www.smartfuel.es\/#organization\",\"name\":\"Smartfuel - Reposta m\u00e1s r\u00e1pido y barato\",\"url\":\"https:\/\/www.smartfuel.es\/\",\"logo\":{\"@type\":\"ImageObject\",\"inLanguage\":\"en-US\",\"@id\":\"https:\/\/www.smartfuel.es\/#\/schema\/logo\/image\/\",\"url\":\"https:\/\/smartfuel.es\/wp-content\/uploads\/2017\/01\/cropped-mano-bottom2.jpg\",\"contentUrl\":\"https:\/\/smartfuel.es\/wp-content\/uploads\/2017\/01\/cropped-mano-bottom2.jpg\",\"width\":348,\"height\":250,\"caption\":\"Smartfuel - Reposta m\u00e1s r\u00e1pido y barato\"},\"image\":{\"@id\":\"https:\/\/www.smartfuel.es\/#\/schema\/logo\/image\/\"}}]}<\/script>\n<!-- \/ Yoast SEO plugin. -->","yoast_head_json":{"title":"Prensa - Smartfuel - Reposta m\u00e1s r\u00e1pido y barato","robots":{"index":"index","follow":"follow","max-snippet":"max-snippet:-1","max-image-preview":"max-image-preview:large","max-video-preview":"max-video-preview:-1"},"canonical":"https:\/\/www.smartfuel.es\/actualidad\/","og_locale":"en_US","og_type":"article","og_title":"Prensa - Smartfuel - Reposta m\u00e1s r\u00e1pido y barato","og_description":"[vc_section][vc_row el_class=&#8221;gridcentrada&#8221;][vc_column][vc_column_text el_class=&#8221;gridcentrada fcenter cabecera&#8221; css=&#8221;.vc_custom_1485533195431{padding-top: 3% !important;}&#8221;] Sala de prensa Si eres periodista, un profesional de la comunicaci\u00f3n o, &hellip; Continue reading \"Prensa\"","og_url":"https:\/\/www.smartfuel.es\/actualidad\/","og_site_name":"Smartfuel - Reposta m\u00e1s r\u00e1pido y barato","twitter_card":"summary_large_image","twitter_misc":{"Est. reading time":"1 minute"},"schema":{"@context":"https:\/\/schema.org","@graph":[{"@type":"WebPage","@id":"https:\/\/www.smartfuel.es\/actualidad\/","url":"https:\/\/www.smartfuel.es\/actualidad\/","name":"Prensa - Smartfuel - Reposta m\u00e1s r\u00e1pido y barato","isPartOf":{"@id":"https:\/\/www.smartfuel.es\/#website"},"datePublished":"2017-01-16T09:47:48+00:00","dateModified":"2017-01-16T09:47:48+00:00","breadcrumb":{"@id":"https:\/\/www.smartfuel.es\/actualidad\/#breadcrumb"},"inLanguage":"en-US","potentialAction":[{"@type":"ReadAction","target":["https:\/\/www.smartfuel.es\/actualidad\/"]}]},{"@type":"BreadcrumbList","@id":"https:\/\/www.smartfuel.es\/actualidad\/#breadcrumb","itemListElement":[{"@type":"ListItem","position":1,"name":"Portada","item":"https:\/\/www.smartfuel.es\/"},{"@type":"ListItem","position":2,"name":"Prensa"}]},{"@type":"WebSite","@id":"https:\/\/www.smartfuel.es\/#website","url":"https:\/\/www.smartfuel.es\/","name":"Smartfuel - Reposta m\u00e1s r\u00e1pido y barato","description":"La aplicaci\u00f3n para pagar el combustible desde tu m\u00f3vil","publisher":{"@id":"https:\/\/www.smartfuel.es\/#organization"},"potentialAction":[{"@type":"SearchAction","target":{"@type":"EntryPoint","urlTemplate":"https:\/\/www.smartfuel.es\/?s={search_term_string}"},"query-input":"required name=search_term_string"}],"inLanguage":"en-US"},{"@type":"Organization","@id":"https:\/\/www.smartfuel.es\/#organization","name":"Smartfuel - Reposta m\u00e1s r\u00e1pido y barato","url":"https:\/\/www.smartfuel.es\/","logo":{"@type":"ImageObject","inLanguage":"en-US","@id":"https:\/\/www.smartfuel.es\/#\/schema\/logo\/image\/","url":"https:\/\/smartfuel.es\/wp-content\/uploads\/2017\/01\/cropped-mano-bottom2.jpg","contentUrl":"https:\/\/smartfuel.es\/wp-content\/uploads\/2017\/01\/cropped-mano-bottom2.jpg","width":348,"height":250,"caption":"Smartfuel - Reposta m\u00e1s r\u00e1pido y barato"},"image":{"@id":"https:\/\/www.smartfuel.es\/#\/schema\/logo\/image\/"}}]}},"_links":{"self":[{"href":"https:\/\/www.smartfuel.es\/en\/wp-json\/wp\/v2\/pages\/733"}],"collection":[{"href":"https:\/\/www.smartfuel.es\/en\/wp-json\/wp\/v2\/pages"}],"about":[{"href":"https:\/\/www.smartfuel.es\/en\/wp-json\/wp\/v2\/types\/page"}],"author":[{"embeddable":true,"href":"https:\/\/www.smartfuel.es\/en\/wp-json\/wp\/v2\/users\/7"}],"replies":[{"embeddable":true,"href":"https:\/\/www.smartfuel.es\/en\/wp-json\/wp\/v2\/comments?post=733"}],"version-history":[{"count":0,"href":"https:\/\/www.smartfuel.es\/en\/wp-json\/wp\/v2\/pages\/733\/revisions"}],"wp:attachment":[{"href":"https:\/\/www.smartfuel.es\/en\/wp-json\/wp\/v2\/media?parent=733"}],"curies":[{"name":"wp","href":"https:\/\/api.w.org\/{rel}","templated":true}]}}