{"id":736,"date":"2017-01-15T18:55:55","date_gmt":"2017-01-15T18:55:55","guid":{"rendered":"https:\/\/www.smartfuel.es\/gasolineras\/"},"modified":"2017-01-15T18:55:55","modified_gmt":"2017-01-15T18:55:55","slug":"gasolineras","status":"publish","type":"page","link":"https:\/\/www.smartfuel.es\/en\/gasolineras\/","title":{"rendered":"Gasolineras"},"content":{"rendered":"<p>[vc_row][vc_column][vc_column_text]<div id=\"metaslider-id-265\" style=\"max-width: 2500px;\" class=\"ml-slider-3-60-1 metaslider metaslider-responsive metaslider-265 ml-slider slider_smart ms-theme-default\" role=\"region\" aria-roledescription=\"Slideshow\" aria-label=\"Gasolineras\">\n    <div id=\"metaslider_container_265\">\n        <ul id='metaslider_265' class='rslides'>\n            <li aria-roledescription='slide' aria-labelledby='slide-0'><img loading=\"lazy\" decoding=\"async\" src=\"https:\/\/smartfuel.es\/wp-content\/uploads\/2017\/01\/gasolineras-1-1400x392.jpg\" height=\"700\" width=\"2500\" alt=\"\" class=\"slider-265 slide-424\" \/><div class=\"caption-wrap\"><div class=\"caption\"><div class=\"col-xs-12\"><h1>M\u00e1s ventas, m\u00e1s usuarios y m\u00e1s clientes fidelizados<\/h1><\/div>\n<h2>Adapta tu estaci\u00f3n de servicio con una inversi\u00f3n m\u00ednima<\/h2><\/div><\/div><\/li>\n        <\/ul>\n        \n    <\/div>\n<\/div>[\/vc_column_text][\/vc_column][\/vc_row][vc_section][vc_row el_class=&#8221;gridcentrada&#8221;][vc_column][vc_column_text el_class=&#8221;gridcentrada fcenter cabecera&#8221; css=&#8221;.vc_custom_1484506464710{padding-top: 3% !important;}&#8221;]<\/p>\n<h1>Beneficios para tu gasolinera<\/h1>\n<p>Disfruta de todos estos beneficios usando Smartfuel[\/vc_column_text][\/vc_column][\/vc_row][vc_row el_class=&#8221;gridcentrada icons-gasolineras&#8221;][vc_column width=&#8221;1\/3&#8243;][vc_empty_space height=&#8221;35px&#8221;][vc_single_image image=&#8221;200&#8243; img_size=&#8221;&#8221; alignment=&#8221;center&#8221; css=&#8221;.vc_custom_1484571402604{margin-bottom: 3% !important;}&#8221;][vc_column_text el_class=&#8221;subicono fcenter&#8221;]<\/p>\n<h2>M\u00e1s contacto con tus clientes<\/h2>\n<p>Env\u00eda Notificaciones Push y mensajes personalizados a tus clientes.[\/vc_column_text][\/vc_column][vc_column width=&#8221;1\/3&#8243;][vc_empty_space height=&#8221;35px&#8221;][vc_single_image image=&#8221;201&#8243; img_size=&#8221;&#8221; alignment=&#8221;center&#8221; css=&#8221;.vc_custom_1484570204535{margin-bottom: 3% !important;}&#8221;][vc_column_text el_class=&#8221;subicono fcenter&#8221;]<\/p>\n<h2>Control clientes<\/h2>\n<p>Maneja t\u00fa mismo tu<br \/>\npropia base de datos.[\/vc_column_text][\/vc_column][vc_column width=&#8221;1\/3&#8243;][vc_empty_space height=&#8221;35px&#8221;][vc_single_image image=&#8221;202&#8243; img_size=&#8221;&#8221; alignment=&#8221;center&#8221; css=&#8221;.vc_custom_1484570215928{margin-bottom: 3% !important;}&#8221;][vc_column_text el_class=&#8221;subicono fcenter&#8221;]<\/p>\n<h2>Personaliza la APP<\/h2>\n<p>Personaliza con tu logo y colores corporativos la APP y h\u00e1ztela tuya.[\/vc_column_text][\/vc_column][\/vc_row][vc_row el_class=&#8221;gridcentrada&#8221;][vc_column el_class=&#8221;claim-beneficio-gasolineras&#8221;][vc_column_text]<a title=\"Descubre todas las ventajas de Smartfuel para conductores\" href=\"https:\/\/www.smartfuel.es\/conductores\/\">Descubre todas las ventajas de Smartfuel para conductores.<\/a>[\/vc_column_text][\/vc_column][\/vc_row][\/vc_section][vc_row css=&#8221;.vc_custom_1485435197914{padding-top: 20px !important;padding-right: 15px !important;padding-bottom: 50px !important;padding-left: 15px !important;background-image: url(https:\/\/www.smartfuel.es\/wp-content\/uploads\/2017\/01\/packs-1.jpg?id=343) !important;background-position: center !important;background-repeat: no-repeat !important;background-size: cover !important;}&#8221; el_id=&#8221;pack_section&#8221;][vc_column][vc_column_text]<\/p>\n<h1>Packs<\/h1>\n<p>[\/vc_column_text][vc_empty_space height=&#8221;0px&#8221;][vc_row_inner el_class=&#8221;packs_content&#8221;][vc_column_inner el_class=&#8221;pack_1&#8243; width=&#8221;1\/3&#8243;][vc_column_text]<\/p>\n<h2>B\u00c1SICO<\/h2>\n<ul class=\"packText\">\n<li>INSTALACI\u00d3N SISTEMA<\/li>\n<li>ADHESI\u00d3N SISTEMA<\/li>\n<\/ul>\n<p>[\/vc_column_text][\/vc_column_inner][vc_column_inner el_class=&#8221;pack_2&#8243; width=&#8221;1\/3&#8243;][vc_column_text]<\/p>\n<h2>PLUS<\/h2>\n<ul class=\"packText\">\n<li>INSTALACI\u00d3N SISTEMA<\/li>\n<li>ADHESI\u00d3N SISTEMA<\/li>\n<li>ENV\u00cdO NOTIFICACIONES PUSH<\/li>\n<li>TRASPASO BASE DE DATOS<\/li>\n<li>PERSONALIZACI\u00d3N APP<\/li>\n<\/ul>\n<p>[\/vc_column_text][\/vc_column_inner][vc_column_inner el_class=&#8221;pack_3&#8243; width=&#8221;1\/3&#8243;][vc_column_text]<\/p>\n<h2>PREMIUM<\/h2>\n<ul class=\"packText\">\n<li>INSTALACI\u00d3N SISTEMA<\/li>\n<li>ADHESI\u00d3N SISTEMA<\/li>\n<li>ENV\u00cdO NOTIFICACIONES PUSH<\/li>\n<li>TRASPASO BASE DE DATOS<\/li>\n<li>PERSONALIZACI\u00d3N APP<\/li>\n<li>EXCLUSIVIDAD RADIO KM<\/li>\n<\/ul>\n<p>[\/vc_column_text][\/vc_column_inner][\/vc_row_inner][\/vc_column][\/vc_row][vc_section css=&#8221;.vc_custom_1485346378260{background-color: #f3f3f3 !important;}&#8221; el_class=&#8221;pdd-btm-40&#8243;][vc_row css=&#8221;.vc_custom_1484508178229{background-color: #f3f3f3 !important;}&#8221; el_class=&#8221;gridcentrada mt0&#8243;][vc_column width=&#8221;4\/12&#8243;][vc_single_image image=&#8221;136&#8243; img_size=&#8221;&#8221; alignment=&#8221;center&#8221;][\/vc_column][vc_column width=&#8221;8\/12&#8243;][vc_column_text el_class=&#8221;panel-control&#8221;]<\/p>\n<h1>Panel de control<\/h1>\n<p>Adem\u00e1s de proporcionar a tus clientes un nuevo m\u00e9todo de pago podr\u00e1s tener un control de las transacciones realizadas con este m\u00e9todo. As\u00ed como el control de tus comunicaciones con ellos, informaci\u00f3n de tus usuarios, sus consumos y gestionar tus propios contactos.[\/vc_column_text][\/vc_column][\/vc_row][\/vc_section][vc_row el_class=&#8221;gridcentrada pdd-btm-40&#8243;][vc_column][vc_column_text el_class=&#8221;pasos-unirse&#8221;]<\/p>\n<h1>Pasos para unirse<\/h1>\n<ol class=\"ColorNumbers\">\n<li><strong>Contactar con Smartfuel<\/strong> o con tu proveedor inform\u00e1tico para tener un primer contacto.<\/li>\n<li><strong>Visita de Smartfuel<\/strong> o proveedor inform\u00e1tico para explicaci\u00f3n del funcionamiento del sistema.<\/li>\n<li><strong>Contrataci\u00f3n<\/strong> del sistema de pago y adhesi\u00f3n a la Red Smartfuel.<\/li>\n<li><strong>Acordar d\u00eda y hora<\/strong> para adaptar la estaci\u00f3n de servicio.<\/li>\n<li><strong>Instalaci\u00f3n<\/strong> del sistema y adaptaci\u00f3n a la estaci\u00f3n de servicio.<\/li>\n<li><strong>Soporte t\u00e9cnico<\/strong> durante las 24h 365 d\u00edas al a\u00f1o.<\/li>\n<\/ol>\n<p>[\/vc_column_text][vc_btn title=&#8221;Enviar solicitud&#8221; color=&#8221;success&#8221; el_class=&#8221;button-solicitar-gasolineras button-descubrir-home&#8221;][\/vc_column][\/vc_row][vc_section css=&#8221;.vc_custom_1484512487327{background-color: #477a7c !important;}&#8221; el_class=&#8221;beneficios-gasolineras&#8221;][vc_row css=&#8221;.vc_custom_1484512298784{background-color: #477a7c !important;}&#8221; el_class=&#8221;gridcentrada mt0&#8243;][vc_column width=&#8221;3\/12&#8243;][vc_single_image image=&#8221;159&#8243; img_size=&#8221;&#8221; alignment=&#8221;center&#8221;][\/vc_column][vc_column width=&#8221;9\/12&#8243;][vc_column_text el_class=&#8221;panel-control&#8221;]<strong>Con Smartfuel<\/strong> en tu estaci\u00f3n de servicio,<strong> aumenta las ventas<\/strong>, <strong>capta<\/strong> nuevos clientes, <strong>fideliza<\/strong> a los que ya tienes y si tienes pantalla <strong>\u00a1ingresa por pasar publicidad!<\/strong> y ah\u00f3rrate el coste de mantenimiento de nuestra APP. Smartfuel se encarga de toda la gesti\u00f3n publicitaria.<\/p>\n<p>Solicita informaci\u00f3n para ingresar un dinero extra sin ning\u00fan esfuerzo escribiendo a <a title=\"info@smartfuel.es\" href=\"mailto:info@smartfuel.es\">info@smartfuel.es<\/a>[\/vc_column_text][\/vc_column][\/vc_row][\/vc_section][vc_row el_class=&#8221;gridcentrada &#8220;][vc_column][vc_column_text]<\/p>\n<h1>Casos reales<\/h1>\n<p>[\/vc_column_text][vc_column_text][testimonial-free color=&#8221;#52b3d9&#8243; nav=&#8221;true&#8221; pagination=&#8221;true&#8221;][\/vc_column_text][\/vc_column][\/vc_row][vc_row el_class=&#8221;gridcentrada&#8221;][vc_column][vc_column_text el_class=&#8221;gridcentrada fcenter cabecera&#8221; css=&#8221;.vc_custom_1485441851850{padding-top: 3% !important;}&#8221;]<\/p>\n<h1>\u00bfC\u00f3mo quieres que te vean tus clientes?<\/h1>\n<p>[\/vc_column_text][\/vc_column][\/vc_row][vc_row el_class=&#8221;pdd-btm-40 pdd-top-20 grafica-clientes&#8221;][vc_column][vc_single_image image=&#8221;646&#8243; img_size=&#8221;full&#8221; alignment=&#8221;center&#8221;][\/vc_column][\/vc_row]<\/p>\n","protected":false},"excerpt":{"rendered":"<p>[vc_row][vc_column][vc_column_text][\/vc_column_text][\/vc_column][\/vc_row][vc_section][vc_row el_class=&#8221;gridcentrada&#8221;][vc_column][vc_column_text el_class=&#8221;gridcentrada fcenter cabecera&#8221; css=&#8221;.vc_custom_1484506464710{padding-top: 3% !important;}&#8221;] Beneficios para tu gasolinera Disfruta de todos estos beneficios usando Smartfuel[\/vc_column_text][\/vc_column][\/vc_row][vc_row el_class=&#8221;gridcentrada &hellip; <\/p>\n<p class=\"link-more\"><a href=\"https:\/\/www.smartfuel.es\/en\/gasolineras\/\" class=\"more-link\">Continue reading<span class=\"screen-reader-text\"> &#8220;Gasolineras&#8221;<\/span><\/a><\/p>\n","protected":false},"author":7,"featured_media":0,"parent":0,"menu_order":3,"comment_status":"closed","ping_status":"closed","template":"","meta":{"footnotes":""},"acf":[],"yoast_head":"<!-- This site is optimized with the Yoast SEO plugin v21.9.1 - https:\/\/yoast.com\/wordpress\/plugins\/seo\/ -->\n<title>Gasolineras - Smartfuel - Reposta m\u00e1s r\u00e1pido y barato<\/title>\n<meta name=\"robots\" content=\"index, follow, max-snippet:-1, max-image-preview:large, max-video-preview:-1\" \/>\n<link rel=\"canonical\" href=\"https:\/\/www.smartfuel.es\/gasolineras-pago-movil-smartfuel\/\" \/>\n<meta property=\"og:locale\" content=\"en_US\" \/>\n<meta property=\"og:type\" content=\"article\" \/>\n<meta property=\"og:title\" content=\"Gasolineras - Smartfuel - Reposta m\u00e1s r\u00e1pido y barato\" \/>\n<meta property=\"og:description\" content=\"[vc_row][vc_column][vc_column_text][\/vc_column_text][\/vc_column][\/vc_row][vc_section][vc_row el_class=&#8221;gridcentrada&#8221;][vc_column][vc_column_text el_class=&#8221;gridcentrada fcenter cabecera&#8221; css=&#8221;.vc_custom_1484506464710{padding-top: 3% !important;}&#8221;] Beneficios para tu gasolinera Disfruta de todos estos beneficios usando Smartfuel[\/vc_column_text][\/vc_column][\/vc_row][vc_row el_class=&#8221;gridcentrada &hellip; Continue reading &quot;Gasolineras&quot;\" \/>\n<meta property=\"og:url\" content=\"https:\/\/www.smartfuel.es\/gasolineras-pago-movil-smartfuel\/\" \/>\n<meta property=\"og:site_name\" content=\"Smartfuel - Reposta m\u00e1s r\u00e1pido y barato\" \/>\n<meta name=\"twitter:card\" content=\"summary_large_image\" \/>\n<meta name=\"twitter:label1\" content=\"Est. reading time\" \/>\n\t<meta name=\"twitter:data1\" content=\"4 minutes\" \/>\n<script type=\"application\/ld+json\" class=\"yoast-schema-graph\">{\"@context\":\"https:\/\/schema.org\",\"@graph\":[{\"@type\":\"WebPage\",\"@id\":\"https:\/\/www.smartfuel.es\/gasolineras-pago-movil-smartfuel\/\",\"url\":\"https:\/\/www.smartfuel.es\/gasolineras-pago-movil-smartfuel\/\",\"name\":\"Gasolineras - Smartfuel - Reposta m\u00e1s r\u00e1pido y barato\",\"isPartOf\":{\"@id\":\"https:\/\/www.smartfuel.es\/#website\"},\"datePublished\":\"2017-01-15T18:55:55+00:00\",\"dateModified\":\"2017-01-15T18:55:55+00:00\",\"breadcrumb\":{\"@id\":\"https:\/\/www.smartfuel.es\/gasolineras-pago-movil-smartfuel\/#breadcrumb\"},\"inLanguage\":\"en-US\",\"potentialAction\":[{\"@type\":\"ReadAction\",\"target\":[\"https:\/\/www.smartfuel.es\/gasolineras-pago-movil-smartfuel\/\"]}]},{\"@type\":\"BreadcrumbList\",\"@id\":\"https:\/\/www.smartfuel.es\/gasolineras-pago-movil-smartfuel\/#breadcrumb\",\"itemListElement\":[{\"@type\":\"ListItem\",\"position\":1,\"name\":\"Portada\",\"item\":\"https:\/\/www.smartfuel.es\/\"},{\"@type\":\"ListItem\",\"position\":2,\"name\":\"Gasolineras\"}]},{\"@type\":\"WebSite\",\"@id\":\"https:\/\/www.smartfuel.es\/#website\",\"url\":\"https:\/\/www.smartfuel.es\/\",\"name\":\"Smartfuel - Reposta m\u00e1s r\u00e1pido y barato\",\"description\":\"La aplicaci\u00f3n para pagar el combustible desde tu m\u00f3vil\",\"publisher\":{\"@id\":\"https:\/\/www.smartfuel.es\/#organization\"},\"potentialAction\":[{\"@type\":\"SearchAction\",\"target\":{\"@type\":\"EntryPoint\",\"urlTemplate\":\"https:\/\/www.smartfuel.es\/?s={search_term_string}\"},\"query-input\":\"required name=search_term_string\"}],\"inLanguage\":\"en-US\"},{\"@type\":\"Organization\",\"@id\":\"https:\/\/www.smartfuel.es\/#organization\",\"name\":\"Smartfuel - Reposta m\u00e1s r\u00e1pido y barato\",\"url\":\"https:\/\/www.smartfuel.es\/\",\"logo\":{\"@type\":\"ImageObject\",\"inLanguage\":\"en-US\",\"@id\":\"https:\/\/www.smartfuel.es\/#\/schema\/logo\/image\/\",\"url\":\"https:\/\/smartfuel.es\/wp-content\/uploads\/2017\/01\/cropped-mano-bottom2.jpg\",\"contentUrl\":\"https:\/\/smartfuel.es\/wp-content\/uploads\/2017\/01\/cropped-mano-bottom2.jpg\",\"width\":348,\"height\":250,\"caption\":\"Smartfuel - Reposta m\u00e1s r\u00e1pido y barato\"},\"image\":{\"@id\":\"https:\/\/www.smartfuel.es\/#\/schema\/logo\/image\/\"}}]}<\/script>\n<!-- \/ Yoast SEO plugin. -->","yoast_head_json":{"title":"Gasolineras - Smartfuel - Reposta m\u00e1s r\u00e1pido y barato","robots":{"index":"index","follow":"follow","max-snippet":"max-snippet:-1","max-image-preview":"max-image-preview:large","max-video-preview":"max-video-preview:-1"},"canonical":"https:\/\/www.smartfuel.es\/gasolineras-pago-movil-smartfuel\/","og_locale":"en_US","og_type":"article","og_title":"Gasolineras - Smartfuel - Reposta m\u00e1s r\u00e1pido y barato","og_description":"[vc_row][vc_column][vc_column_text][\/vc_column_text][\/vc_column][\/vc_row][vc_section][vc_row el_class=&#8221;gridcentrada&#8221;][vc_column][vc_column_text el_class=&#8221;gridcentrada fcenter cabecera&#8221; css=&#8221;.vc_custom_1484506464710{padding-top: 3% !important;}&#8221;] Beneficios para tu gasolinera Disfruta de todos estos beneficios usando Smartfuel[\/vc_column_text][\/vc_column][\/vc_row][vc_row el_class=&#8221;gridcentrada &hellip; Continue reading \"Gasolineras\"","og_url":"https:\/\/www.smartfuel.es\/gasolineras-pago-movil-smartfuel\/","og_site_name":"Smartfuel - Reposta m\u00e1s r\u00e1pido y barato","twitter_card":"summary_large_image","twitter_misc":{"Est. reading time":"4 minutes"},"schema":{"@context":"https:\/\/schema.org","@graph":[{"@type":"WebPage","@id":"https:\/\/www.smartfuel.es\/gasolineras-pago-movil-smartfuel\/","url":"https:\/\/www.smartfuel.es\/gasolineras-pago-movil-smartfuel\/","name":"Gasolineras - Smartfuel - Reposta m\u00e1s r\u00e1pido y barato","isPartOf":{"@id":"https:\/\/www.smartfuel.es\/#website"},"datePublished":"2017-01-15T18:55:55+00:00","dateModified":"2017-01-15T18:55:55+00:00","breadcrumb":{"@id":"https:\/\/www.smartfuel.es\/gasolineras-pago-movil-smartfuel\/#breadcrumb"},"inLanguage":"en-US","potentialAction":[{"@type":"ReadAction","target":["https:\/\/www.smartfuel.es\/gasolineras-pago-movil-smartfuel\/"]}]},{"@type":"BreadcrumbList","@id":"https:\/\/www.smartfuel.es\/gasolineras-pago-movil-smartfuel\/#breadcrumb","itemListElement":[{"@type":"ListItem","position":1,"name":"Portada","item":"https:\/\/www.smartfuel.es\/"},{"@type":"ListItem","position":2,"name":"Gasolineras"}]},{"@type":"WebSite","@id":"https:\/\/www.smartfuel.es\/#website","url":"https:\/\/www.smartfuel.es\/","name":"Smartfuel - Reposta m\u00e1s r\u00e1pido y barato","description":"La aplicaci\u00f3n para pagar el combustible desde tu m\u00f3vil","publisher":{"@id":"https:\/\/www.smartfuel.es\/#organization"},"potentialAction":[{"@type":"SearchAction","target":{"@type":"EntryPoint","urlTemplate":"https:\/\/www.smartfuel.es\/?s={search_term_string}"},"query-input":"required name=search_term_string"}],"inLanguage":"en-US"},{"@type":"Organization","@id":"https:\/\/www.smartfuel.es\/#organization","name":"Smartfuel - Reposta m\u00e1s r\u00e1pido y barato","url":"https:\/\/www.smartfuel.es\/","logo":{"@type":"ImageObject","inLanguage":"en-US","@id":"https:\/\/www.smartfuel.es\/#\/schema\/logo\/image\/","url":"https:\/\/smartfuel.es\/wp-content\/uploads\/2017\/01\/cropped-mano-bottom2.jpg","contentUrl":"https:\/\/smartfuel.es\/wp-content\/uploads\/2017\/01\/cropped-mano-bottom2.jpg","width":348,"height":250,"caption":"Smartfuel - Reposta m\u00e1s r\u00e1pido y barato"},"image":{"@id":"https:\/\/www.smartfuel.es\/#\/schema\/logo\/image\/"}}]}},"_links":{"self":[{"href":"https:\/\/www.smartfuel.es\/en\/wp-json\/wp\/v2\/pages\/736"}],"collection":[{"href":"https:\/\/www.smartfuel.es\/en\/wp-json\/wp\/v2\/pages"}],"about":[{"href":"https:\/\/www.smartfuel.es\/en\/wp-json\/wp\/v2\/types\/page"}],"author":[{"embeddable":true,"href":"https:\/\/www.smartfuel.es\/en\/wp-json\/wp\/v2\/users\/7"}],"replies":[{"embeddable":true,"href":"https:\/\/www.smartfuel.es\/en\/wp-json\/wp\/v2\/comments?post=736"}],"version-history":[{"count":0,"href":"https:\/\/www.smartfuel.es\/en\/wp-json\/wp\/v2\/pages\/736\/revisions"}],"wp:attachment":[{"href":"https:\/\/www.smartfuel.es\/en\/wp-json\/wp\/v2\/media?parent=736"}],"curies":[{"name":"wp","href":"https:\/\/api.w.org\/{rel}","templated":true}]}}