{"id":737,"date":"2017-01-15T17:12:59","date_gmt":"2017-01-15T17:12:59","guid":{"rendered":"https:\/\/www.smartfuel.es\/conductores\/"},"modified":"2017-02-03T09:29:33","modified_gmt":"2017-02-03T09:29:33","slug":"conductores","status":"publish","type":"page","link":"https:\/\/www.smartfuel.es\/en\/conductores\/","title":{"rendered":"Conductores"},"content":{"rendered":"<p>[vc_row][vc_column][vc_column_text]<div id=\"metaslider-id-758\" style=\"max-width: 2500px;\" class=\"ml-slider-3-60-1 metaslider metaslider-responsive metaslider-758 ml-slider slider_smart ms-theme-default\" role=\"region\" aria-roledescription=\"Slideshow\" aria-label=\"Conductores_eng\">\n    <div id=\"metaslider_container_758\">\n        <ul id='metaslider_758' class='rslides'>\n            <li aria-roledescription='slide' aria-labelledby='slide-0'><img loading=\"lazy\" decoding=\"async\" src=\"https:\/\/smartfuel.es\/wp-content\/uploads\/2017\/02\/conductores-1_eng-1400x392.jpg\" height=\"700\" width=\"2500\" alt=\"\" class=\"slider-758 slide-776\" \/><div class=\"caption-wrap\"><div class=\"caption\"><div class=\"col-xs-12\"><h1>Repostaje en un click<\/h1><\/div>\n<h2>Stop, Click and Go<\/h2><\/div><\/div><\/li>\n        <\/ul>\n        \n    <\/div>\n<\/div>[\/vc_column_text][\/vc_column][\/vc_row][vc_section][vc_row][vc_column][vc_column_text el_class=&#8221;gridcentrada fcenter cabecera&#8221; css=&#8221;.vc_custom_1484500156728{padding-top: 3% !important;}&#8221;]<\/p>\n<h1>Funcionamiento app<\/h1>\n<p>F\u00e1cil, c\u00f3modo y r\u00e1pido. Siguiendo estos sencillos pasos[\/vc_column_text][vc_empty_space height=&#8221;50px&#8221;][\/vc_column][\/vc_row][vc_row el_class=&#8221;.gridcentrada&#8221;][vc_column width=&#8221;1\/3&#8243;][vc_column_text el_class=&#8221;numero-funcionamiento&#8221;]1[\/vc_column_text][vc_empty_space height=&#8221;15px&#8221;][vc_column_text el_class=&#8221;subicono fcenter&#8221;]<\/p>\n<h3 class=\"conductor-titulo-foto textNumber\">Aprieta<br \/>\nun bot\u00f3n y reposta<\/h3>\n<p class=\"conductor-texto-foto\">Ver\u00e1s la estaci\u00f3n de servicio en la que te encuentras y el importe, tipo de combustible y el surtidor sin necesidad de seleccionarlo.<\/p>\n<p>[\/vc_column_text][vc_single_image image=&#8221;538&#8243; img_size=&#8221;&#8221; alignment=&#8221;center&#8221; el_class=&#8221;subicono&#8221;][\/vc_column][vc_column width=&#8221;1\/3&#8243;][vc_column_text el_class=&#8221;numero-funcionamiento&#8221;]2[\/vc_column_text][vc_empty_space height=&#8221;15px&#8221;][vc_column_text el_class=&#8221;subicono fcenter&#8221;]<\/p>\n<h3 class=\"conductor-titulo-foto textNumber\">Facturas<br \/>\nsiempre disponibles<\/h3>\n<p class=\"conductor-texto-foto\">Al finalizar tu viaje recibir\u00e1s en tu correo electr\u00f3nico la factura del repostaje. Adem\u00e1s de tener un hist\u00f3rico en la misma APP.<\/p>\n<p>[\/vc_column_text][vc_single_image image=&#8221;537&#8243; img_size=&#8221;&#8221; alignment=&#8221;center&#8221; el_class=&#8221;subicono&#8221;][\/vc_column][vc_column width=&#8221;1\/3&#8243;][vc_column_text el_class=&#8221;numero-funcionamiento&#8221;]3[\/vc_column_text][vc_empty_space height=&#8221;15px&#8221;][vc_column_text el_class=&#8221;subicono fcenter&#8221;]<\/p>\n<h3 class=\"conductor-titulo-foto textNumber\">T\u00fa buscas,<br \/>\nnosotros te guiamos<\/h3>\n<p class=\"conductor-texto-foto\">Utiliza el mapa o el listado para conocer todas las estaciones de servicio adheridas a la red Smartfuel y te dirigimos desde la app.<\/p>\n<p>[\/vc_column_text][vc_single_image image=&#8221;536&#8243; img_size=&#8221;&#8221; alignment=&#8221;center&#8221; el_class=&#8221;subicono&#8221;][\/vc_column][\/vc_row][\/vc_section][vc_section][vc_row el_id=&#8221;ventajas&#8221;][vc_column][vc_column_text el_class=&#8221;gridcentrada fcenter cabecera&#8221;]<\/p>\n<h1>Ventajas<\/h1>\n<p>Con Smartfuel disfrutar\u00e1s de todas estas ventajas como conductor[\/vc_column_text][\/vc_column][\/vc_row][vc_row el_class=&#8221;.gridcentrada&#8221; el_id=&#8221;icons_int&#8221;][vc_column width=&#8221;1\/3&#8243;][vc_empty_space height=&#8221;35px&#8221;][vc_single_image image=&#8221;203&#8243; img_size=&#8221;&#8221; alignment=&#8221;center&#8221; css=&#8221;.vc_custom_1484570294255{margin-bottom: 3% !important;}&#8221;][vc_column_text el_class=&#8221;subicono fcenter&#8221;]<\/p>\n<h2>APP Gratuita<\/h2>\n<p>Puede bajarte la aplicacion sin ning\u00fan coste[\/vc_column_text][\/vc_column][vc_column width=&#8221;1\/3&#8243;][vc_empty_space height=&#8221;35px&#8221;][vc_single_image image=&#8221;271&#8243; img_size=&#8221;&#8221; alignment=&#8221;center&#8221; css=&#8221;.vc_custom_1484647550069{margin-bottom: 3% !important;}&#8221;][vc_column_text el_class=&#8221;subicono fcenter&#8221;]<\/p>\n<h2>Multiveh\u00edculo<\/h2>\n<p>Podr\u00e1s introducir los coches que quieras[\/vc_column_text][\/vc_column][vc_column width=&#8221;1\/3&#8243;][vc_empty_space height=&#8221;35px&#8221;][vc_single_image image=&#8221;204&#8243; img_size=&#8221;&#8221; alignment=&#8221;center&#8221; css=&#8221;.vc_custom_1484570316765{margin-bottom: 3% !important;}&#8221;][vc_column_text el_class=&#8221;subicono fcenter&#8221;]<\/p>\n<h2>Conductores con ni\u00f1os<\/h2>\n<p>No te muevas del coche para repostar[\/vc_column_text][\/vc_column][\/vc_row][vc_row el_class=&#8221;.gridcentrada&#8221; el_id=&#8221;icons_int&#8221;][vc_column width=&#8221;1\/3&#8243;][vc_empty_space height=&#8221;35px&#8221;][vc_single_image image=&#8221;206&#8243; img_size=&#8221;&#8221; alignment=&#8221;center&#8221; css=&#8221;.vc_custom_1484570391042{margin-bottom: 3% !important;}&#8221;][vc_column_text el_class=&#8221;subicono fcenter&#8221;]<\/p>\n<h2>Factura por correo electr\u00f3nico<\/h2>\n<p>Recibe todas las facturas en tu correo personal[\/vc_column_text][\/vc_column][vc_column width=&#8221;1\/3&#8243;][vc_empty_space height=&#8221;35px&#8221;][vc_single_image image=&#8221;208&#8243; img_size=&#8221;&#8221; alignment=&#8221;center&#8221; css=&#8221;.vc_custom_1484570398203{margin-bottom: 3% !important;}&#8221;][vc_column_text el_class=&#8221;subicono fcenter&#8221;]<\/p>\n<h2>Movimientos y control<\/h2>\n<p>Tendr\u00e1s un control de las estaciones y de tus gastos[\/vc_column_text][\/vc_column][vc_column width=&#8221;1\/3&#8243;][vc_empty_space height=&#8221;35px&#8221;][vc_single_image image=&#8221;390&#8243; img_size=&#8221;&#8221; alignment=&#8221;center&#8221; css=&#8221;.vc_custom_1484744878657{margin-bottom: 3% !important;}&#8221;][vc_column_text el_class=&#8221;subicono fcenter&#8221;]<\/p>\n<h2>Respeto al medio ambiente<\/h2>\n<p>No imprimimos ning\u00fan comprobante[\/vc_column_text][\/vc_column][\/vc_row][\/vc_section][vc_row el_class=&#8221;gridcentrada conductores-icons-last&#8221; el_id=&#8221;icons_int&#8221;][vc_column width=&#8221;1\/3&#8243;][vc_empty_space height=&#8221;35px&#8221;][vc_single_image image=&#8221;205&#8243; img_size=&#8221;&#8221; alignment=&#8221;center&#8221; css=&#8221;.vc_custom_1484570328031{margin-bottom: 3% !important;}&#8221;][vc_column_text el_class=&#8221;subicono fcenter&#8221;]<\/p>\n<h2>Descuentos y promociones<\/h2>\n<p>Los recibir\u00e1s en las estaciones de servicio y en la app[\/vc_column_text][\/vc_column][vc_column width=&#8221;1\/3&#8243;][vc_empty_space height=&#8221;35px&#8221;][vc_single_image image=&#8221;388&#8243; img_size=&#8221;&#8221; alignment=&#8221;center&#8221; css=&#8221;.vc_custom_1484744276480{margin-bottom: 3% !important;}&#8221;][vc_column_text el_class=&#8221;subicono fcenter&#8221;]<\/p>\n<h2>Tarjetas de fidelizaci\u00f3n interactivas<\/h2>\n<p>Tantas como quieras sin necesidad de llevarlas encima[\/vc_column_text][\/vc_column][vc_column width=&#8221;1\/3&#8243;][vc_empty_space height=&#8221;35px&#8221;][vc_single_image image=&#8221;210&#8243; img_size=&#8221;&#8221; alignment=&#8221;center&#8221; css=&#8221;.vc_custom_1484570370334{margin-bottom: 3% !important;}&#8221;][vc_column_text el_class=&#8221;subicono fcenter&#8221;]<\/p>\n<h2>Tarjetas de cr\u00e9dito y d\u00e9bito<\/h2>\n<p>Podr\u00e1s vincularlas sin necesidad de sacarlas[\/vc_column_text][\/vc_column][\/vc_row][vc_row][vc_column][vc_column_text]<\/p>\n<p>[\/vc_column_text][\/vc_column][\/vc_row][vc_row equal_height=&#8221;yes&#8221; css=&#8221;.vc_custom_1484932523533{background-color: #f3f3f3 !important;}&#8221; el_id=&#8221;conductores_footer&#8221;][vc_column width=&#8221;1\/2&#8243; css=&#8221;.vc_custom_1485771055679{background-image: url(https:\/\/www.smartfuel.es\/wp-content\/uploads\/2017\/01\/conductores_footer.jpg?id=497) !important;background-position: center !important;background-repeat: no-repeat !important;background-size: cover !important;}&#8221; el_class=&#8221;mbHeight&#8221;][\/vc_column][vc_column width=&#8221;1\/2&#8243; css=&#8221;.vc_custom_1484494470031{padding-left: 5% !important;}&#8221;][vc_column_text el_class=&#8221;fleft texto-conductores-box&#8221;]<\/p>\n<h2>P\u00e9rdida tel\u00e9fono m\u00f3vil<\/h2>\n<p>En caso de extraviar el m\u00f3vil o hurto tenemos una asistencia <strong>24h 365 d\u00edas al a\u00f1o<\/strong> llamando al <strong>902 354 658<\/strong>.<\/p>\n<h2>Contacto marketing, comunicaci\u00f3n y prensa<\/h2>\n<p>En caso de querer contactar con cualquiera de estos departamentos, enviar un email a <a title=\"marketing@smartfuel.es\" href=\"mailto:\">marketing@smartfuel.es<\/a>[\/vc_column_text][\/vc_column][\/vc_row]<\/p>\n","protected":false},"excerpt":{"rendered":"<p>[vc_row][vc_column][vc_column_text][\/vc_column_text][\/vc_column][\/vc_row][vc_section][vc_row][vc_column][vc_column_text el_class=&#8221;gridcentrada fcenter cabecera&#8221; css=&#8221;.vc_custom_1484500156728{padding-top: 3% !important;}&#8221;] Funcionamiento app F\u00e1cil, c\u00f3modo y r\u00e1pido. Siguiendo estos sencillos pasos[\/vc_column_text][vc_empty_space height=&#8221;50px&#8221;][\/vc_column][\/vc_row][vc_row el_class=&#8221;.gridcentrada&#8221;][vc_column width=&#8221;1\/3&#8243;][vc_column_text &hellip; <\/p>\n<p class=\"link-more\"><a href=\"https:\/\/www.smartfuel.es\/en\/conductores\/\" class=\"more-link\">Continue reading<span class=\"screen-reader-text\"> &#8220;Conductores&#8221;<\/span><\/a><\/p>\n","protected":false},"author":7,"featured_media":0,"parent":0,"menu_order":2,"comment_status":"closed","ping_status":"closed","template":"","meta":{"footnotes":""},"acf":[],"yoast_head":"<!-- This site is optimized with the Yoast SEO plugin v21.9.1 - https:\/\/yoast.com\/wordpress\/plugins\/seo\/ -->\n<title>Conductores - Smartfuel - Reposta m\u00e1s r\u00e1pido y barato<\/title>\n<meta name=\"robots\" content=\"index, follow, max-snippet:-1, max-image-preview:large, max-video-preview:-1\" \/>\n<link rel=\"canonical\" href=\"https:\/\/www.smartfuel.es\/conductores-repostaje-movil-smartfuel\/\" \/>\n<meta property=\"og:locale\" content=\"en_US\" \/>\n<meta property=\"og:type\" content=\"article\" \/>\n<meta property=\"og:title\" content=\"Conductores - Smartfuel - Reposta m\u00e1s r\u00e1pido y barato\" \/>\n<meta property=\"og:description\" content=\"[vc_row][vc_column][vc_column_text][\/vc_column_text][\/vc_column][\/vc_row][vc_section][vc_row][vc_column][vc_column_text el_class=&#8221;gridcentrada fcenter cabecera&#8221; css=&#8221;.vc_custom_1484500156728{padding-top: 3% !important;}&#8221;] Funcionamiento app F\u00e1cil, c\u00f3modo y r\u00e1pido. Siguiendo estos sencillos pasos[\/vc_column_text][vc_empty_space height=&#8221;50px&#8221;][\/vc_column][\/vc_row][vc_row el_class=&#8221;.gridcentrada&#8221;][vc_column width=&#8221;1\/3&#8243;][vc_column_text &hellip; Continue reading &quot;Conductores&quot;\" \/>\n<meta property=\"og:url\" content=\"https:\/\/www.smartfuel.es\/conductores-repostaje-movil-smartfuel\/\" \/>\n<meta property=\"og:site_name\" content=\"Smartfuel - Reposta m\u00e1s r\u00e1pido y barato\" \/>\n<meta property=\"article:modified_time\" content=\"2017-02-03T09:29:33+00:00\" \/>\n<meta name=\"twitter:card\" content=\"summary_large_image\" \/>\n<meta name=\"twitter:label1\" content=\"Est. reading time\" \/>\n\t<meta name=\"twitter:data1\" content=\"4 minutes\" \/>\n<script type=\"application\/ld+json\" class=\"yoast-schema-graph\">{\"@context\":\"https:\/\/schema.org\",\"@graph\":[{\"@type\":\"WebPage\",\"@id\":\"https:\/\/www.smartfuel.es\/conductores-repostaje-movil-smartfuel\/\",\"url\":\"https:\/\/www.smartfuel.es\/conductores-repostaje-movil-smartfuel\/\",\"name\":\"Conductores - Smartfuel - Reposta m\u00e1s r\u00e1pido y barato\",\"isPartOf\":{\"@id\":\"https:\/\/www.smartfuel.es\/#website\"},\"datePublished\":\"2017-01-15T17:12:59+00:00\",\"dateModified\":\"2017-02-03T09:29:33+00:00\",\"breadcrumb\":{\"@id\":\"https:\/\/www.smartfuel.es\/conductores-repostaje-movil-smartfuel\/#breadcrumb\"},\"inLanguage\":\"en-US\",\"potentialAction\":[{\"@type\":\"ReadAction\",\"target\":[\"https:\/\/www.smartfuel.es\/conductores-repostaje-movil-smartfuel\/\"]}]},{\"@type\":\"BreadcrumbList\",\"@id\":\"https:\/\/www.smartfuel.es\/conductores-repostaje-movil-smartfuel\/#breadcrumb\",\"itemListElement\":[{\"@type\":\"ListItem\",\"position\":1,\"name\":\"Portada\",\"item\":\"https:\/\/www.smartfuel.es\/\"},{\"@type\":\"ListItem\",\"position\":2,\"name\":\"Conductores\"}]},{\"@type\":\"WebSite\",\"@id\":\"https:\/\/www.smartfuel.es\/#website\",\"url\":\"https:\/\/www.smartfuel.es\/\",\"name\":\"Smartfuel - Reposta m\u00e1s r\u00e1pido y barato\",\"description\":\"La aplicaci\u00f3n para pagar el combustible desde tu m\u00f3vil\",\"publisher\":{\"@id\":\"https:\/\/www.smartfuel.es\/#organization\"},\"potentialAction\":[{\"@type\":\"SearchAction\",\"target\":{\"@type\":\"EntryPoint\",\"urlTemplate\":\"https:\/\/www.smartfuel.es\/?s={search_term_string}\"},\"query-input\":\"required name=search_term_string\"}],\"inLanguage\":\"en-US\"},{\"@type\":\"Organization\",\"@id\":\"https:\/\/www.smartfuel.es\/#organization\",\"name\":\"Smartfuel - Reposta m\u00e1s r\u00e1pido y barato\",\"url\":\"https:\/\/www.smartfuel.es\/\",\"logo\":{\"@type\":\"ImageObject\",\"inLanguage\":\"en-US\",\"@id\":\"https:\/\/www.smartfuel.es\/#\/schema\/logo\/image\/\",\"url\":\"https:\/\/smartfuel.es\/wp-content\/uploads\/2017\/01\/cropped-mano-bottom2.jpg\",\"contentUrl\":\"https:\/\/smartfuel.es\/wp-content\/uploads\/2017\/01\/cropped-mano-bottom2.jpg\",\"width\":348,\"height\":250,\"caption\":\"Smartfuel - Reposta m\u00e1s r\u00e1pido y barato\"},\"image\":{\"@id\":\"https:\/\/www.smartfuel.es\/#\/schema\/logo\/image\/\"}}]}<\/script>\n<!-- \/ Yoast SEO plugin. -->","yoast_head_json":{"title":"Conductores - Smartfuel - Reposta m\u00e1s r\u00e1pido y barato","robots":{"index":"index","follow":"follow","max-snippet":"max-snippet:-1","max-image-preview":"max-image-preview:large","max-video-preview":"max-video-preview:-1"},"canonical":"https:\/\/www.smartfuel.es\/conductores-repostaje-movil-smartfuel\/","og_locale":"en_US","og_type":"article","og_title":"Conductores - Smartfuel - Reposta m\u00e1s r\u00e1pido y barato","og_description":"[vc_row][vc_column][vc_column_text][\/vc_column_text][\/vc_column][\/vc_row][vc_section][vc_row][vc_column][vc_column_text el_class=&#8221;gridcentrada fcenter cabecera&#8221; css=&#8221;.vc_custom_1484500156728{padding-top: 3% !important;}&#8221;] Funcionamiento app F\u00e1cil, c\u00f3modo y r\u00e1pido. Siguiendo estos sencillos pasos[\/vc_column_text][vc_empty_space height=&#8221;50px&#8221;][\/vc_column][\/vc_row][vc_row el_class=&#8221;.gridcentrada&#8221;][vc_column width=&#8221;1\/3&#8243;][vc_column_text &hellip; Continue reading \"Conductores\"","og_url":"https:\/\/www.smartfuel.es\/conductores-repostaje-movil-smartfuel\/","og_site_name":"Smartfuel - Reposta m\u00e1s r\u00e1pido y barato","article_modified_time":"2017-02-03T09:29:33+00:00","twitter_card":"summary_large_image","twitter_misc":{"Est. reading time":"4 minutes"},"schema":{"@context":"https:\/\/schema.org","@graph":[{"@type":"WebPage","@id":"https:\/\/www.smartfuel.es\/conductores-repostaje-movil-smartfuel\/","url":"https:\/\/www.smartfuel.es\/conductores-repostaje-movil-smartfuel\/","name":"Conductores - Smartfuel - Reposta m\u00e1s r\u00e1pido y barato","isPartOf":{"@id":"https:\/\/www.smartfuel.es\/#website"},"datePublished":"2017-01-15T17:12:59+00:00","dateModified":"2017-02-03T09:29:33+00:00","breadcrumb":{"@id":"https:\/\/www.smartfuel.es\/conductores-repostaje-movil-smartfuel\/#breadcrumb"},"inLanguage":"en-US","potentialAction":[{"@type":"ReadAction","target":["https:\/\/www.smartfuel.es\/conductores-repostaje-movil-smartfuel\/"]}]},{"@type":"BreadcrumbList","@id":"https:\/\/www.smartfuel.es\/conductores-repostaje-movil-smartfuel\/#breadcrumb","itemListElement":[{"@type":"ListItem","position":1,"name":"Portada","item":"https:\/\/www.smartfuel.es\/"},{"@type":"ListItem","position":2,"name":"Conductores"}]},{"@type":"WebSite","@id":"https:\/\/www.smartfuel.es\/#website","url":"https:\/\/www.smartfuel.es\/","name":"Smartfuel - Reposta m\u00e1s r\u00e1pido y barato","description":"La aplicaci\u00f3n para pagar el combustible desde tu m\u00f3vil","publisher":{"@id":"https:\/\/www.smartfuel.es\/#organization"},"potentialAction":[{"@type":"SearchAction","target":{"@type":"EntryPoint","urlTemplate":"https:\/\/www.smartfuel.es\/?s={search_term_string}"},"query-input":"required name=search_term_string"}],"inLanguage":"en-US"},{"@type":"Organization","@id":"https:\/\/www.smartfuel.es\/#organization","name":"Smartfuel - Reposta m\u00e1s r\u00e1pido y barato","url":"https:\/\/www.smartfuel.es\/","logo":{"@type":"ImageObject","inLanguage":"en-US","@id":"https:\/\/www.smartfuel.es\/#\/schema\/logo\/image\/","url":"https:\/\/smartfuel.es\/wp-content\/uploads\/2017\/01\/cropped-mano-bottom2.jpg","contentUrl":"https:\/\/smartfuel.es\/wp-content\/uploads\/2017\/01\/cropped-mano-bottom2.jpg","width":348,"height":250,"caption":"Smartfuel - Reposta m\u00e1s r\u00e1pido y barato"},"image":{"@id":"https:\/\/www.smartfuel.es\/#\/schema\/logo\/image\/"}}]}},"_links":{"self":[{"href":"https:\/\/www.smartfuel.es\/en\/wp-json\/wp\/v2\/pages\/737"}],"collection":[{"href":"https:\/\/www.smartfuel.es\/en\/wp-json\/wp\/v2\/pages"}],"about":[{"href":"https:\/\/www.smartfuel.es\/en\/wp-json\/wp\/v2\/types\/page"}],"author":[{"embeddable":true,"href":"https:\/\/www.smartfuel.es\/en\/wp-json\/wp\/v2\/users\/7"}],"replies":[{"embeddable":true,"href":"https:\/\/www.smartfuel.es\/en\/wp-json\/wp\/v2\/comments?post=737"}],"version-history":[{"count":1,"href":"https:\/\/www.smartfuel.es\/en\/wp-json\/wp\/v2\/pages\/737\/revisions"}],"predecessor-version":[{"id":766,"href":"https:\/\/www.smartfuel.es\/en\/wp-json\/wp\/v2\/pages\/737\/revisions\/766"}],"wp:attachment":[{"href":"https:\/\/www.smartfuel.es\/en\/wp-json\/wp\/v2\/media?parent=737"}],"curies":[{"name":"wp","href":"https:\/\/api.w.org\/{rel}","templated":true}]}}