{"id":738,"date":"2017-01-10T16:42:19","date_gmt":"2017-01-10T16:42:19","guid":{"rendered":"https:\/\/www.smartfuel.es\/home\/"},"modified":"2017-01-10T16:42:19","modified_gmt":"2017-01-10T16:42:19","slug":"home","status":"publish","type":"page","link":"https:\/\/www.smartfuel.es\/en\/","title":{"rendered":"home"},"content":{"rendered":"<p>[vc_row el_class=&#8221;gridcentrada&#8221; el_id=&#8221;home_header&#8221;][vc_column width=&#8221;6\/12&#8243;][vc_column_text]<\/p>\n<div class=\"carousel-home\"><div id=\"metaslider-id-708\" style=\"max-width: 2500px;\" class=\"ml-slider-3-60-1 metaslider metaslider-responsive metaslider-708 ml-slider slider_smart ms-theme-default\" role=\"region\" aria-roledescription=\"Slideshow\" aria-label=\"Home\">\n    <div id=\"metaslider_container_708\">\n        <ul id='metaslider_708' class='rslides'>\n            <li aria-roledescription='slide' aria-labelledby='slide-0'><img loading=\"lazy\" decoding=\"async\" src=\"https:\/\/smartfuel.es\/wp-content\/uploads\/2017\/01\/comillas-50x14.png\" height=\"700\" width=\"2500\" alt=\"\" class=\"slider-708 slide-638\" \/><div class=\"caption-wrap\"><div class=\"caption\"><h1>Smartfuel<\/h1>\n<p class=\"linea1\">La nueva experiencia en el repostaje...<\/p>\n<img decoding=\"async\" src=\"https:\/\/www.smartfuel.es\/wp-content\/uploads\/2017\/01\/icono-surtidor-app.png\" alt=\"Icono surtidor App m\u00f3vil\" \/>\n<p class=\"linea2\">...respostajes r\u00e1pidos y entretenidos.<\/p>\n<p class=\"special-text green\">be smart, be Smartfuel<\/p><\/div><\/div><\/li>\n            <li style='display: none;' aria-roledescription='slide' aria-labelledby='slide-1'><img loading=\"lazy\" decoding=\"async\" src=\"https:\/\/smartfuel.es\/wp-content\/uploads\/2017\/01\/linkedin2-64x17.png\" height=\"700\" width=\"2500\" alt=\"\" class=\"slider-708 slide-645\" \/><div class=\"caption-wrap\"><div class=\"caption\"><h1>\u00danete al repostaje inteligente<\/h1>\n<p>Olv\u00eddate de llevar tarjeta o dinero en met\u00e1lico.<br \/>\nCon Smartfuel podr\u00e1s pagar el repostaje<br \/>\nde tu coche o moto desde el m\u00f3vil<br \/>\nde forma r\u00e1pida, f\u00e1cil y segura.\n<\/p><\/div><\/div><\/li>\n        <\/ul>\n        \n    <\/div>\n<\/div><\/div>\n<p>[\/vc_column_text][vc_row_inner][vc_column_inner][vc_raw_html]JTNDYSUyMGhyZWYlM0QlMjIlMjMlMjIlMjBjbGFzcyUzRCUyMmFwcGxlLWJ1dHRvbi10b3AlMjIlMjB0aXRsZSUzRCUyMkRlc2NhcmdhciUyMGRlc2RlJTIwQXBwbGUlMjBTdG9yZSUyMiUyMHRhcmdldCUzRCUyMl9ibGFuayUyMiUzRURlc2NhcmdhciUyMGRlc2RlJTIwQXBwbGUlMjBTdG9yZSUzQyUyRmElM0UlMEElMEElM0NhJTIwaHJlZiUzRCUyMiUyMyUyMiUyMGNsYXNzJTNEJTIyZ29vZ2xlLWJ1dHRvbi10b3AlMjIlMjB0aXRsZSUzRCUyMkRlc2NhcmdhciUyMGRlc2RlJTIwR29vZ2xlJTIwUGxheSUyMiUyMHRhcmdldCUzRCUyMl9ibGFuayUyMiUzRURlc2NhcmdhciUyMGRlc2RlJTIwR29vZ2xlJTIwUGxheSUzQyUyRmElM0U=[\/vc_raw_html][\/vc_column_inner][\/vc_row_inner][\/vc_column][vc_column width=&#8221;6\/12&#8243;][vc_single_image image=&#8221;428&#8243; img_size=&#8221;450&#215;624&#8243; css_animation=&#8221;fadeIn&#8221; css=&#8221;.vc_custom_1485946118078{margin-top: 10% !important;}&#8221;][\/vc_column][\/vc_row][vc_row equal_height=&#8221;yes&#8221; css=&#8221;.vc_custom_1484496711712{background-color: #f3f3f3 !important;}&#8221;][vc_column width=&#8221;1\/2&#8243; css=&#8221;.vc_custom_1484493101590{background-image: url(https:\/\/www.smartfuel.es\/wp-content\/uploads\/2017\/01\/repostaje.jpg?id=65) !important;background-position: center !important;background-repeat: no-repeat !important;background-size: cover !important;}&#8221;][vc_empty_space height=&#8221;180px&#8221;][\/vc_column][vc_column width=&#8221;1\/2&#8243; css=&#8221;.vc_custom_1484494470031{padding-left: 5% !important;}&#8221;][vc_column_text el_class=&#8221;fleft&#8221;]<\/p>\n<h1>Una nueva forma<br \/>\nde pagar el repostaje<\/h1>\n<p>[\/vc_column_text][vc_single_image image=&#8221;72&#8243; img_size=&#8221;&#8221; el_class=&#8221;foto-pago-repostaje&#8221;][vc_empty_space height=&#8221;25px&#8221;][\/vc_column][\/vc_row][vc_section][vc_row][vc_column][vc_column_text el_class=&#8221;gridcentrada fcenter cabecera&#8221; css=&#8221;.vc_custom_1485269430259{padding-top: 3% !important;}&#8221;]<\/p>\n<h1>Beneficios<\/h1>\n<p>Con Smartfuel disfrutar\u00e1s de todos estos beneficios\u00a0como conductor[\/vc_column_text][\/vc_column][\/vc_row][vc_row el_class=&#8221;.gridcentrada&#8221; el_id=&#8221;icons_home&#8221;][vc_column width=&#8221;1\/3&#8243;][vc_empty_space height=&#8221;35px&#8221;][vc_single_image image=&#8221;391&#8243; img_size=&#8221;&#8221; alignment=&#8221;center&#8221; css=&#8221;.vc_custom_1484750519623{margin-bottom: 3% !important;}&#8221;][vc_column_text el_class=&#8221;subicono fcenter&#8221;]<\/p>\n<h2>Rapidez y comodidad<\/h2>\n<p>Se acabaron las esperas y las colas. Llegas, 1 click, repostas y te vas[\/vc_column_text][\/vc_column][vc_column width=&#8221;1\/3&#8243;][vc_empty_space height=&#8221;35px&#8221;][vc_single_image image=&#8221;387&#8243; img_size=&#8221;&#8221; alignment=&#8221;center&#8221; css=&#8221;.vc_custom_1484750531398{margin-bottom: 3% !important;}&#8221;][vc_column_text el_class=&#8221;subicono fcenter&#8221;]<\/p>\n<h2>Control de Gastos<\/h2>\n<p>Podr\u00e1s controlar el consumo y comparar el precio[\/vc_column_text][\/vc_column][vc_column width=&#8221;1\/3&#8243;][vc_empty_space height=&#8221;35px&#8221;][vc_single_image image=&#8221;392&#8243; img_size=&#8221;&#8221; alignment=&#8221;center&#8221; css=&#8221;.vc_custom_1484750542958{margin-bottom: 3% !important;}&#8221;][vc_column_text el_class=&#8221;subicono fcenter&#8221;]<\/p>\n<h2>Geolocalizaci\u00f3n<\/h2>\n<p>Encuentra tu estaci\u00f3n de servicio de la Red Smartfuel m\u00e1s cercana.[\/vc_column_text][\/vc_column][\/vc_row][vc_row el_class=&#8221;.gridcentrada&#8221; el_id=&#8221;icons_home2&#8243;][vc_column width=&#8221;1\/3&#8243;][vc_empty_space height=&#8221;35px&#8221;][vc_single_image image=&#8221;390&#8243; img_size=&#8221;&#8221; alignment=&#8221;center&#8221; css=&#8221;.vc_custom_1484750560098{margin-bottom: 3% !important;}&#8221;][vc_column_text el_class=&#8221;subicono fcenter&#8221;]<\/p>\n<h2>Respeto al medio ambiente<\/h2>\n<p>No imprimimos ning\u00fan comprobante[\/vc_column_text][\/vc_column][vc_column width=&#8221;1\/3&#8243;][vc_empty_space height=&#8221;35px&#8221;][vc_single_image image=&#8221;388&#8243; img_size=&#8221;&#8221; alignment=&#8221;center&#8221; css=&#8221;.vc_custom_1484750570946{margin-bottom: 3% !important;}&#8221;][vc_column_text el_class=&#8221;subicono fcenter&#8221;]<\/p>\n<h2>Tarjetas de fidelizaci\u00f3n interactivas<\/h2>\n<p>Tantas como quieras sin necesidad de llevarlas encima[\/vc_column_text][\/vc_column][vc_column width=&#8221;1\/3&#8243;][vc_empty_space height=&#8221;35px&#8221;][vc_single_image image=&#8221;389&#8243; img_size=&#8221;&#8221; alignment=&#8221;center&#8221; css=&#8221;.vc_custom_1484750587425{margin-bottom: 3% !important;}&#8221;][vc_column_text el_class=&#8221;subicono fcenter&#8221;]<\/p>\n<h2>No te muevas del coche<\/h2>\n<p>Personas con movilidad reducida. O viajar con ni\u00f1os[\/vc_column_text][\/vc_column][\/vc_row][\/vc_section][vc_section disable_element=&#8221;yes&#8221; el_id=&#8221;home_map&#8221;][vc_row el_class=&#8221;gridcentrada&#8221;][vc_column][vc_column_text el_class=&#8221;fcenter cabecera&#8221; css=&#8221;.vc_custom_1484497537152{padding-top: 3% !important;}&#8221;]<\/p>\n<h1>Mapa estaciones de servicio<\/h1>\n<p>It is a long established fact that a reader will[\/vc_column_text][vc_column_text]\n            \n            \n            \n            <a name='map1'><\/a>\n            \n            \n            \n            \n            <div class=\"wpgmza_map \"  id=\"wpgmza_map_1\" style=\"display:block; overflow:auto; width:100%; height:500px; float:left;\" data-settings='{\"id\":\"1\",\"map_title\":\"My first map\",\"map_width\":\"100\",\"map_height\":\"500\",\"map_start_lat\":\"40.247597\",\"map_start_lng\":\"-2.710062\",\"map_start_location\":\"40.24759713719809,-2.7100620937500097\",\"map_start_zoom\":\"6\",\"default_marker\":\"\",\"type\":\"1\",\"alignment\":\"2\",\"directions_enabled\":\"1\",\"styling_enabled\":\"0\",\"styling_json\":\"\",\"active\":\"0\",\"kml\":\"\",\"bicycle\":\"0\",\"traffic\":\"0\",\"dbox\":\"1\",\"dbox_width\":\"100\",\"listmarkers\":\"0\",\"listmarkers_advanced\":\"0\",\"filterbycat\":\"0\",\"ugm_enabled\":\"0\",\"ugm_category_enabled\":\"0\",\"fusion\":\"\",\"map_width_type\":\"\\\\%\",\"map_height_type\":\"px\",\"mass_marker_support\":\"1\",\"ugm_access\":\"0\",\"order_markers_by\":\"1\",\"order_markers_choice\":\"2\",\"show_user_location\":\"2\",\"default_to\":\"\",\"other_settings\":{\"shortcodeAttributes\":{\"id\":\"1\"},\"transport_layer\":null,\"bicycle\":\"0\",\"traffic\":\"0\"}}' data-map-id='1' data-shortcode-attributes='{\"id\":\"1\"}'> <\/div>\n            \n               \n        <div style=\"display:block; width:100%;\">\n\t\t\t\t\n\t\t\t\t<div class=\"wpgmza-directions-box wpgmaps_directions_outer_div\" data-map-id=\"1\" style=\"width:100%;display:none;clear:both;\" id=\"wpgmaps_directions_edit_1\">\n\t<h2 class=\"wpgmza-directions-box__title\">Get Directions<\/h2>\n\t\n\t<div class=\"wpgmza-directions-box-inner\" id=\"wpgmaps_directions_editbox_1\">\n\t\t<div class=\"wpgmza-directions-actions wpgmza-form-field\">\n\t\t\t<div class=\"wpgmza-directions__travel-mode\">\n\t\t\t\t<span class=\"wpgmza-travel-mode-option wpgmza-travel-option__selected\" data-mode=\"driving\">\n\t\t\t\t\t<img decoding=\"async\" src=\"https:\/\/smartfuel.es\/wp-content\/plugins\/wp-google-maps-pro\/images\/icons\/directions_car.png\">\n\t\t\t\t<\/span>\n\t\t\t\t<span class=\"wpgmza-travel-mode-option\" data-mode=\"walking\">\n\t\t\t\t\t<img decoding=\"async\" src=\"https:\/\/smartfuel.es\/wp-content\/plugins\/wp-google-maps-pro\/images\/icons\/directions_walking.png\">\n\t\t\t\t<\/span>\n\t\t\t\t<span class=\"wpgmza-travel-mode-option\" data-mode=\"transit\">\n\t\t\t\t\t<img decoding=\"async\" src=\"https:\/\/smartfuel.es\/wp-content\/plugins\/wp-google-maps-pro\/images\/icons\/directions_transit.png\">\n\t\t\t\t<\/span>\n\t\t\t\t<span class=\"wpgmza-travel-mode-option\" data-mode=\"bicycling\">\n\t\t\t\t\t<img decoding=\"async\" src=\"https:\/\/smartfuel.es\/wp-content\/plugins\/wp-google-maps-pro\/images\/icons\/directions_bike.png\">\n\t\t\t\t<\/span>\n\t\t\t<\/div>\n\n\t\t\t<div class=\"wpgmza-directions-locations\">\n\t\t\t\t<div class=\"wpgmza-directions-from wpgmza-form-field\">\n\n\t\t\t\t\t<i class=\"wpgmza-directions-from__icon fa fa-circle\"><\/i>\n\t\t\t\n\t\t\t\t\t<label class=\"wpgmza-form-field__label\" for=\"wpgmza_input_from_1\">\n\t\t\t\t\t\tFrom\t\t\t\t\t<\/label>\n\t\t\t\t\t\n\t\t\t\t\t<input class=\"wpgmza-address wpgmza-directions-from wpgmza-form-field__input\" type=\"text\" placeholder=\"From\" value=\"\" id=\"wpgmza_input_from_1\">\n\t\t\t\t\n\t\t\t\t<\/div>\n\n\t\t\t\t<div class=\"wpgmza-directions-to wpgmza-form-field wpgmaps_to_row\">\n\n\t\t\t\t\t<i class=\"wpgmza-directions-to__icon fa fas fa-map-marker\"><\/i>\n\n\t\t\t\t\t<label class=\"wpgmza-form-field__label\" for=\"wpgmza_input_to_1\">\n\t\t\t\t\t\tTo\t\t\t\t\t<\/label>\n\t\t\t\t\t<input class=\"wpgmza-address wpgmza-form-field__input wpgmza-directions-to\" type=\"text\" placeholder=\"To\" value=\"\" id=\"wpgmza_input_to_1\">\n\t\t\t\t<\/div>\n\t\t\t\t\n\t\t\t\t<div class=\"wpgmza-waypoint-via wpgmza-form-field wpgmza-form-field--no-pad wpgmaps_via wpgmaps_template\">\n\n\t\t\t\t\t<i class=\"wpgmza-directions-from__icon fa fa-circle\"><\/i>\n\t\t\t\t\n\t\t\t\t\t<input class=\"wpgmza-waypoint-via wpgmza-form-field__input wpgmaps_via\" type=\"text\" placeholder=\"Via\">\n\t\t\t\t\t\n\t\t\t\t\t<button href=\"javascript:%20;\" class=\"wpgmza_remove_via\">\n\t\t\t\t\t\t<i class=\"fa fa-times\"><\/i>\n\t\t\t\t\t<\/button>\n\t\t\t\t\t\n\t\t\t\t<\/div>\n\t\t\t\t\n\t\t\t\t<div class=\"wpgmza-add-waypoint wpgmza-form-field wpgmza-form-field--no-pad wpgmaps_add_waypoint\">\n\t\t\t\t\t<div class=\"wpgmaps_add_waypoint\">\n\t\t\t\t\t\t<a href=\"javascript:%20;\" class=\"wpgmaps_add_waypoint\" mapid=\"1\">\n\t\t\t\t\t\t\t<i class=\"fa fa-plus-circle\" aria-hidden=\"true\"><\/i>\n\t\t\t\t\t\t\tAdd Waypoint\t\t\t\t\t\t<\/a>\n\t\t\t\t\t<\/div>\n\t\t\t\t<\/div>\n\t\t\t<\/div>\n\n\t\t\t<div class=\"wpgmza-hidden\">\n\t\t\t<label class=\"wpgmza-travel-mode wpgmza-form-field__label\" for=\"wpgmza_dir_type_1\">\n\t\t\t\tFor\t\t\t<\/label>\n\t\t\t<select class=\"wpgmza-travel-mode wpgmza-form-field__input\" name=\"wpgmza_dir_type_1\" id=\"wpgmza_dir_type_1\">\n\t\t\t\t<option value=\"driving\">\n\t\t\t\t\tDriving\t\t\t\t<\/option>\n\t\t\t\t<option value=\"walking\">\n\t\t\t\t\tWalking\t\t\t\t<\/option>\n\t\t\t\t<option value=\"transit\">\n\t\t\t\t\tTransit\t\t\t\t<\/option>\n\t\t\t\t<option value=\"bicycling\">\n\t\t\t\t\tBicycling\t\t\t\t<\/option>\n\t\t\t<\/select>\n\t\t\t<\/div>\n\t\t<\/div>\n\t\t\t\n\t\t<div class=\"wpgmza-directions-options__section\">\n\t\t\t<a href=\"javascript:;\" class=\"wpgmza-show-directions-options\" id=\"wpgmza_show_options_1\" mapid=\"1\">\n\t\t\t\tshow options\t\t\t<\/a>\n\t\t\t\n\t\t\t<a href=\"javascript:;\" class=\"wpgmza-hide-directions-options\" id=\"wpgmza_hide_options_1\" mapid=\"1\">\n\t\t\t\thide options\t\t\t<\/a>\n\t\t\t\n\t\t\t<div class=\"wpgmza-directions-options wpgmza-form-field wpgmza-form-field--no-pad wpgmza_dir_options\">\n\t\t\t\t<label class=\"class\">\n\t\t\t\t\t<input type=\"checkbox\" class=\"wpgmza-avoid-tolls\" value=\"tolls\" name=\"wpgmza_tolls_1\" id=\"wpgmza_tolls_1\">\n\t\t\t\t\tAvoid Tolls\t\t\t\t<\/label>\n\t\t\t\t<label class=\"class\">\n\t\t\t\t\t<input type=\"checkbox\" class=\"wpgmza-avoid-highways\" value=\"highways\" name=\"wpgmza_highways_1\" id=\"wpgmza_highways_1\">\n\t\t\t\t\tAvoid Highways\t\t\t\t<\/label>\n\t\t\t\t<label class=\"class\">\n\t\t\t\t\t<input type=\"checkbox\" class=\"wpgmza-avoid-ferries\" value=\"ferries\" name=\"wpgmza_ferries_1\" id=\"wpgmza_ferries_1\">\n\t\t\t\t\tAvoid Ferries\t\t\t\t<\/label>\n\t\t\t<\/div>\n\t\t<\/div>\n\t\t\n\t<\/div>\n\t\n\t<div class=\"wpgmza-directions-buttons wpgmza-form-field wpgmaps_to_row\">\n\t\t<input class=\"wpgmza-get-directions wpgmaps_get_directions\" onclick=\"javascript: ;\" type=\"button\" value=\"Go\" id=\"1\">\n\t\t\n\t\t<span class=\"wpgmza-directions-result__buttons\">\n\t\t\t<a class=\"wpgmza-print-directions\" style=\"display: none;\" onclick=\"javascript: ;\" mapid=\"1\">\n\t\t\t\tPrint directions\t\t\t<\/a>\n\t\t\t\n\t\t\t<a class=\"wpgmza-reset-directions\" style=\"display: none;\" onclick=\"javascript: ;\" mapid=\"1\">\n\t\t\t\tReset directions\t\t\t<\/a>\n\t\t<\/span>\n\t<\/div>\n<\/div>\n\t\t\t\t\n\t\t\t\t<div id=\"wpgmaps_directions_notification_1\" style=\"display:none;\">Fetching directions......<\/div>\n\t\t\t\t\n\t\t\t\t<div id=\"wpgmaps_directions_reset_1\" style=\"display:none;\">\n\n\t\t\t\t\t<a href='javascript:void(0)' onclick='wpgmza_reset_directions(1);' id='wpgmaps_reset_directions' title='Reset directions'>Reset directions<\/a>\n\t\t\t\t\t<br \/>\n\t\t\t\t\t<a href='javascript: ;' id='wpgmaps_print_directions_1' target='_blank' title='Print directions'>Print directions<\/a>\n\t\t\t\t<\/div>\n\t\t\t\t\n\t\t\t\t<div id=\"directions_panel_1\"><\/div>\n\n\t\t\t<\/div>[\/vc_column_text][\/vc_column][\/vc_row][\/vc_section][vc_row equal_height=&#8221;yes&#8221; css=&#8221;.vc_custom_1484841486639{margin-top: 3% !important;background-color: #f3f3f3 !important;}&#8221; el_id=&#8221;tienes_gasolinera&#8221;][vc_column width=&#8221;1\/2&#8243; css=&#8221;.vc_custom_1484496494559{padding-right: 5% !important;}&#8221;][vc_column_text el_class=&#8221;fright text-center-mobile&#8221;]<\/p>\n<h1>\u00bfTienes una gasolinera?<\/h1>\n<p>\u00danete a la <strong>Red Smartfuel<\/strong> y disfruta de todas<br \/>\nlas ventajas para tu negocio.[\/vc_column_text][vc_btn title=&#8221;Descubrir&#8221; color=&#8221;success&#8221; align=&#8221;right&#8221; el_class=&#8221;button-descubrir-home&#8221;][\/vc_column][vc_column width=&#8221;1\/2&#8243; css=&#8221;.vc_custom_1485947990329{background-image: url(https:\/\/www.smartfuel.es\/wp-content\/uploads\/2017\/01\/hand-phone-bottom3.jpg?id=540) !important;background-position: 0 0 !important;background-repeat: no-repeat !important;}&#8221; el_class=&#8221;hand-mobile-bottom&#8221;][\/vc_column][\/vc_row]<\/p>\n","protected":false},"excerpt":{"rendered":"<p>[vc_row el_class=&#8221;gridcentrada&#8221; el_id=&#8221;home_header&#8221;][vc_column width=&#8221;6\/12&#8243;][vc_column_text] [\/vc_column_text][vc_row_inner][vc_column_inner][vc_raw_html]JTNDYSUyMGhyZWYlM0QlMjIlMjMlMjIlMjBjbGFzcyUzRCUyMmFwcGxlLWJ1dHRvbi10b3AlMjIlMjB0aXRsZSUzRCUyMkRlc2NhcmdhciUyMGRlc2RlJTIwQXBwbGUlMjBTdG9yZSUyMiUyMHRhcmdldCUzRCUyMl9ibGFuayUyMiUzRURlc2NhcmdhciUyMGRlc2RlJTIwQXBwbGUlMjBTdG9yZSUzQyUyRmElM0UlMEElMEElM0NhJTIwaHJlZiUzRCUyMiUyMyUyMiUyMGNsYXNzJTNEJTIyZ29vZ2xlLWJ1dHRvbi10b3AlMjIlMjB0aXRsZSUzRCUyMkRlc2NhcmdhciUyMGRlc2RlJTIwR29vZ2xlJTIwUGxheSUyMiUyMHRhcmdldCUzRCUyMl9ibGFuayUyMiUzRURlc2NhcmdhciUyMGRlc2RlJTIwR29vZ2xlJTIwUGxheSUzQyUyRmElM0U=[\/vc_raw_html][\/vc_column_inner][\/vc_row_inner][\/vc_column][vc_column width=&#8221;6\/12&#8243;][vc_single_image image=&#8221;428&#8243; img_size=&#8221;450&#215;624&#8243; css_animation=&#8221;fadeIn&#8221; css=&#8221;.vc_custom_1485946118078{margin-top: 10% !important;}&#8221;][\/vc_column][\/vc_row][vc_row equal_height=&#8221;yes&#8221; css=&#8221;.vc_custom_1484496711712{background-color: #f3f3f3 !important;}&#8221;][vc_column width=&#8221;1\/2&#8243; css=&#8221;.vc_custom_1484493101590{background-image: url(https:\/\/www.smartfuel.es\/wp-content\/uploads\/2017\/01\/repostaje.jpg?id=65) !important;background-position: &hellip; <\/p>\n<p class=\"link-more\"><a href=\"https:\/\/www.smartfuel.es\/en\/\" class=\"more-link\">Continue reading<span class=\"screen-reader-text\"> &#8220;home&#8221;<\/span><\/a><\/p>\n","protected":false},"author":7,"featured_media":0,"parent":0,"menu_order":1,"comment_status":"closed","ping_status":"closed","template":"","meta":{"footnotes":""},"acf":[],"yoast_head":"<!-- This site is optimized with the Yoast SEO plugin v21.9.1 - https:\/\/yoast.com\/wordpress\/plugins\/seo\/ -->\n<title>home - Smartfuel - Reposta m\u00e1s r\u00e1pido y barato<\/title>\n<meta name=\"robots\" content=\"index, follow, max-snippet:-1, max-image-preview:large, max-video-preview:-1\" \/>\n<link rel=\"canonical\" href=\"https:\/\/www.smartfuel.es\/\" \/>\n<meta property=\"og:locale\" content=\"en_US\" \/>\n<meta property=\"og:type\" content=\"article\" \/>\n<meta property=\"og:title\" content=\"home - Smartfuel - Reposta m\u00e1s r\u00e1pido y barato\" \/>\n<meta property=\"og:description\" content=\"[vc_row el_class=&#8221;gridcentrada&#8221; el_id=&#8221;home_header&#8221;][vc_column width=&#8221;6\/12&#8243;][vc_column_text] [\/vc_column_text][vc_row_inner][vc_column_inner][vc_raw_html]JTNDYSUyMGhyZWYlM0QlMjIlMjMlMjIlMjBjbGFzcyUzRCUyMmFwcGxlLWJ1dHRvbi10b3AlMjIlMjB0aXRsZSUzRCUyMkRlc2NhcmdhciUyMGRlc2RlJTIwQXBwbGUlMjBTdG9yZSUyMiUyMHRhcmdldCUzRCUyMl9ibGFuayUyMiUzRURlc2NhcmdhciUyMGRlc2RlJTIwQXBwbGUlMjBTdG9yZSUzQyUyRmElM0UlMEElMEElM0NhJTIwaHJlZiUzRCUyMiUyMyUyMiUyMGNsYXNzJTNEJTIyZ29vZ2xlLWJ1dHRvbi10b3AlMjIlMjB0aXRsZSUzRCUyMkRlc2NhcmdhciUyMGRlc2RlJTIwR29vZ2xlJTIwUGxheSUyMiUyMHRhcmdldCUzRCUyMl9ibGFuayUyMiUzRURlc2NhcmdhciUyMGRlc2RlJTIwR29vZ2xlJTIwUGxheSUzQyUyRmElM0U=[\/vc_raw_html][\/vc_column_inner][\/vc_row_inner][\/vc_column][vc_column width=&#8221;6\/12&#8243;][vc_single_image image=&#8221;428&#8243; img_size=&#8221;450&#215;624&#8243; css_animation=&#8221;fadeIn&#8221; css=&#8221;.vc_custom_1485946118078{margin-top: 10% !important;}&#8221;][\/vc_column][\/vc_row][vc_row equal_height=&#8221;yes&#8221; css=&#8221;.vc_custom_1484496711712{background-color: #f3f3f3 !important;}&#8221;][vc_column width=&#8221;1\/2&#8243; css=&#8221;.vc_custom_1484493101590{background-image: url(https:\/\/www.smartfuel.es\/wp-content\/uploads\/2017\/01\/repostaje.jpg?id=65) !important;background-position: &hellip; Continue reading &quot;home&quot;\" \/>\n<meta property=\"og:url\" content=\"https:\/\/www.smartfuel.es\/\" \/>\n<meta property=\"og:site_name\" content=\"Smartfuel - Reposta m\u00e1s r\u00e1pido y barato\" \/>\n<meta name=\"twitter:card\" content=\"summary_large_image\" \/>\n<meta name=\"twitter:label1\" content=\"Est. reading time\" \/>\n\t<meta name=\"twitter:data1\" content=\"3 minutes\" \/>\n<script type=\"application\/ld+json\" class=\"yoast-schema-graph\">{\"@context\":\"https:\/\/schema.org\",\"@graph\":[{\"@type\":\"WebPage\",\"@id\":\"https:\/\/www.smartfuel.es\/\",\"url\":\"https:\/\/www.smartfuel.es\/\",\"name\":\"home - Smartfuel - Reposta m\u00e1s r\u00e1pido y barato\",\"isPartOf\":{\"@id\":\"https:\/\/www.smartfuel.es\/#website\"},\"datePublished\":\"2017-01-10T16:42:19+00:00\",\"dateModified\":\"2017-01-10T16:42:19+00:00\",\"breadcrumb\":{\"@id\":\"https:\/\/www.smartfuel.es\/#breadcrumb\"},\"inLanguage\":\"en-US\",\"potentialAction\":[{\"@type\":\"ReadAction\",\"target\":[\"https:\/\/www.smartfuel.es\/\"]}]},{\"@type\":\"BreadcrumbList\",\"@id\":\"https:\/\/www.smartfuel.es\/#breadcrumb\",\"itemListElement\":[{\"@type\":\"ListItem\",\"position\":1,\"name\":\"Portada\",\"item\":\"https:\/\/www.smartfuel.es\/\"},{\"@type\":\"ListItem\",\"position\":2,\"name\":\"home\"}]},{\"@type\":\"WebSite\",\"@id\":\"https:\/\/www.smartfuel.es\/#website\",\"url\":\"https:\/\/www.smartfuel.es\/\",\"name\":\"Smartfuel - Reposta m\u00e1s r\u00e1pido y barato\",\"description\":\"La aplicaci\u00f3n para pagar el combustible desde tu m\u00f3vil\",\"publisher\":{\"@id\":\"https:\/\/www.smartfuel.es\/#organization\"},\"potentialAction\":[{\"@type\":\"SearchAction\",\"target\":{\"@type\":\"EntryPoint\",\"urlTemplate\":\"https:\/\/www.smartfuel.es\/?s={search_term_string}\"},\"query-input\":\"required name=search_term_string\"}],\"inLanguage\":\"en-US\"},{\"@type\":\"Organization\",\"@id\":\"https:\/\/www.smartfuel.es\/#organization\",\"name\":\"Smartfuel - Reposta m\u00e1s r\u00e1pido y barato\",\"url\":\"https:\/\/www.smartfuel.es\/\",\"logo\":{\"@type\":\"ImageObject\",\"inLanguage\":\"en-US\",\"@id\":\"https:\/\/www.smartfuel.es\/#\/schema\/logo\/image\/\",\"url\":\"https:\/\/smartfuel.es\/wp-content\/uploads\/2017\/01\/cropped-mano-bottom2.jpg\",\"contentUrl\":\"https:\/\/smartfuel.es\/wp-content\/uploads\/2017\/01\/cropped-mano-bottom2.jpg\",\"width\":348,\"height\":250,\"caption\":\"Smartfuel - Reposta m\u00e1s r\u00e1pido y barato\"},\"image\":{\"@id\":\"https:\/\/www.smartfuel.es\/#\/schema\/logo\/image\/\"}}]}<\/script>\n<!-- \/ Yoast SEO plugin. -->","yoast_head_json":{"title":"home - Smartfuel - Reposta m\u00e1s r\u00e1pido y barato","robots":{"index":"index","follow":"follow","max-snippet":"max-snippet:-1","max-image-preview":"max-image-preview:large","max-video-preview":"max-video-preview:-1"},"canonical":"https:\/\/www.smartfuel.es\/","og_locale":"en_US","og_type":"article","og_title":"home - Smartfuel - Reposta m\u00e1s r\u00e1pido y barato","og_description":"[vc_row el_class=&#8221;gridcentrada&#8221; el_id=&#8221;home_header&#8221;][vc_column width=&#8221;6\/12&#8243;][vc_column_text] [\/vc_column_text][vc_row_inner][vc_column_inner][vc_raw_html]JTNDYSUyMGhyZWYlM0QlMjIlMjMlMjIlMjBjbGFzcyUzRCUyMmFwcGxlLWJ1dHRvbi10b3AlMjIlMjB0aXRsZSUzRCUyMkRlc2NhcmdhciUyMGRlc2RlJTIwQXBwbGUlMjBTdG9yZSUyMiUyMHRhcmdldCUzRCUyMl9ibGFuayUyMiUzRURlc2NhcmdhciUyMGRlc2RlJTIwQXBwbGUlMjBTdG9yZSUzQyUyRmElM0UlMEElMEElM0NhJTIwaHJlZiUzRCUyMiUyMyUyMiUyMGNsYXNzJTNEJTIyZ29vZ2xlLWJ1dHRvbi10b3AlMjIlMjB0aXRsZSUzRCUyMkRlc2NhcmdhciUyMGRlc2RlJTIwR29vZ2xlJTIwUGxheSUyMiUyMHRhcmdldCUzRCUyMl9ibGFuayUyMiUzRURlc2NhcmdhciUyMGRlc2RlJTIwR29vZ2xlJTIwUGxheSUzQyUyRmElM0U=[\/vc_raw_html][\/vc_column_inner][\/vc_row_inner][\/vc_column][vc_column width=&#8221;6\/12&#8243;][vc_single_image image=&#8221;428&#8243; img_size=&#8221;450&#215;624&#8243; css_animation=&#8221;fadeIn&#8221; css=&#8221;.vc_custom_1485946118078{margin-top: 10% !important;}&#8221;][\/vc_column][\/vc_row][vc_row equal_height=&#8221;yes&#8221; css=&#8221;.vc_custom_1484496711712{background-color: #f3f3f3 !important;}&#8221;][vc_column width=&#8221;1\/2&#8243; css=&#8221;.vc_custom_1484493101590{background-image: url(https:\/\/www.smartfuel.es\/wp-content\/uploads\/2017\/01\/repostaje.jpg?id=65) !important;background-position: &hellip; Continue reading \"home\"","og_url":"https:\/\/www.smartfuel.es\/","og_site_name":"Smartfuel - Reposta m\u00e1s r\u00e1pido y barato","twitter_card":"summary_large_image","twitter_misc":{"Est. reading time":"3 minutes"},"schema":{"@context":"https:\/\/schema.org","@graph":[{"@type":"WebPage","@id":"https:\/\/www.smartfuel.es\/","url":"https:\/\/www.smartfuel.es\/","name":"home - Smartfuel - Reposta m\u00e1s r\u00e1pido y barato","isPartOf":{"@id":"https:\/\/www.smartfuel.es\/#website"},"datePublished":"2017-01-10T16:42:19+00:00","dateModified":"2017-01-10T16:42:19+00:00","breadcrumb":{"@id":"https:\/\/www.smartfuel.es\/#breadcrumb"},"inLanguage":"en-US","potentialAction":[{"@type":"ReadAction","target":["https:\/\/www.smartfuel.es\/"]}]},{"@type":"BreadcrumbList","@id":"https:\/\/www.smartfuel.es\/#breadcrumb","itemListElement":[{"@type":"ListItem","position":1,"name":"Portada","item":"https:\/\/www.smartfuel.es\/"},{"@type":"ListItem","position":2,"name":"home"}]},{"@type":"WebSite","@id":"https:\/\/www.smartfuel.es\/#website","url":"https:\/\/www.smartfuel.es\/","name":"Smartfuel - Reposta m\u00e1s r\u00e1pido y barato","description":"La aplicaci\u00f3n para pagar el combustible desde tu m\u00f3vil","publisher":{"@id":"https:\/\/www.smartfuel.es\/#organization"},"potentialAction":[{"@type":"SearchAction","target":{"@type":"EntryPoint","urlTemplate":"https:\/\/www.smartfuel.es\/?s={search_term_string}"},"query-input":"required name=search_term_string"}],"inLanguage":"en-US"},{"@type":"Organization","@id":"https:\/\/www.smartfuel.es\/#organization","name":"Smartfuel - Reposta m\u00e1s r\u00e1pido y barato","url":"https:\/\/www.smartfuel.es\/","logo":{"@type":"ImageObject","inLanguage":"en-US","@id":"https:\/\/www.smartfuel.es\/#\/schema\/logo\/image\/","url":"https:\/\/smartfuel.es\/wp-content\/uploads\/2017\/01\/cropped-mano-bottom2.jpg","contentUrl":"https:\/\/smartfuel.es\/wp-content\/uploads\/2017\/01\/cropped-mano-bottom2.jpg","width":348,"height":250,"caption":"Smartfuel - Reposta m\u00e1s r\u00e1pido y barato"},"image":{"@id":"https:\/\/www.smartfuel.es\/#\/schema\/logo\/image\/"}}]}},"_links":{"self":[{"href":"https:\/\/www.smartfuel.es\/en\/wp-json\/wp\/v2\/pages\/738"}],"collection":[{"href":"https:\/\/www.smartfuel.es\/en\/wp-json\/wp\/v2\/pages"}],"about":[{"href":"https:\/\/www.smartfuel.es\/en\/wp-json\/wp\/v2\/types\/page"}],"author":[{"embeddable":true,"href":"https:\/\/www.smartfuel.es\/en\/wp-json\/wp\/v2\/users\/7"}],"replies":[{"embeddable":true,"href":"https:\/\/www.smartfuel.es\/en\/wp-json\/wp\/v2\/comments?post=738"}],"version-history":[{"count":0,"href":"https:\/\/www.smartfuel.es\/en\/wp-json\/wp\/v2\/pages\/738\/revisions"}],"wp:attachment":[{"href":"https:\/\/www.smartfuel.es\/en\/wp-json\/wp\/v2\/media?parent=738"}],"curies":[{"name":"wp","href":"https:\/\/api.w.org\/{rel}","templated":true}]}}